{"id":1797,"date":"2025-08-22T01:01:35","date_gmt":"2025-08-22T01:01:35","guid":{"rendered":"https:\/\/rexfab.excite.cloud\/contact\/"},"modified":"2025-12-03T02:00:15","modified_gmt":"2025-12-03T02:00:15","slug":"contact","status":"publish","type":"page","link":"https:\/\/rexfab.excite.cloud\/fr-ca\/contact\/","title":{"rendered":"Contact"},"content":{"rendered":"<p>[et_pb_section fb_built=\u00a0\u00bb1&Prime; custom_padding_last_edited=\u00a0\u00bbon|desktop\u00a0\u00bb _builder_version=\u00a0\u00bb4.27.4&Prime; _module_preset=\u00a0\u00bbdefault\u00a0\u00bb use_background_color_gradient=\u00a0\u00bbon\u00a0\u00bb background_color_gradient_type=\u00a0\u00bbcircular\u00a0\u00bb background_color_gradient_direction_radial=\u00a0\u00bbtop right\u00a0\u00bb background_color_gradient_stops=\u00a0\u00bb#025888 0%|#082332 31%\u00a0\u00bb background_image=\u00a0\u00bbhttps:\/\/rexfab.excite.cloud\/wp-content\/uploads\/2025\/08\/waves.png\u00a0\u00bb background_size=\u00a0\u00bbcontain\u00a0\u00bb custom_padding=\u00a0\u00bb||30px||false|false\u00a0\u00bb custom_padding_tablet=\u00a0\u00bb||30px||false|false\u00a0\u00bb custom_padding_phone=\u00a0\u00bb||30px||false|false\u00a0\u00bb custom_css_main_element=\u00a0\u00bb\/**display:flex;||flex-direction: column**\/\u00a0\u00bb locked=\u00a0\u00bboff\u00a0\u00bb global_colors_info=\u00a0\u00bb{}\u00a0\u00bb][et_pb_row column_structure=\u00a0\u00bb2_5,3_5&Prime; use_custom_gutter=\u00a0\u00bbon\u00a0\u00bb gutter_width=\u00a0\u00bb1&Prime; make_equal=\u00a0\u00bbon\u00a0\u00bb custom_padding_last_edited=\u00a0\u00bbon|desktop\u00a0\u00bb _builder_version=\u00a0\u00bb4.27.4&Prime; _module_preset=\u00a0\u00bbdefault\u00a0\u00bb background_enable_image=\u00a0\u00bboff\u00a0\u00bb background_size=\u00a0\u00bbinitial\u00a0\u00bb background_position=\u00a0\u00bbcenter_right\u00a0\u00bb background_horizontal_offset=\u00a0\u00bb28%\u00a0\u00bb width_tablet=\u00a0\u00bb\u00a0\u00bb width_phone=\u00a0\u00bb90%\u00a0\u00bb width_last_edited=\u00a0\u00bbon|phone\u00a0\u00bb max_width=\u00a0\u00bb100%\u00a0\u00bb custom_padding=\u00a0\u00bb0px||0px||false|false\u00a0\u00bb custom_padding_tablet=\u00a0\u00bb10%||8%||false|false\u00a0\u00bb custom_padding_phone=\u00a0\u00bb10%||8%||false|false\u00a0\u00bb background_last_edited=\u00a0\u00bbon|desktop\u00a0\u00bb global_colors_info=\u00a0\u00bb{}\u00a0\u00bb][et_pb_column type=\u00a0\u00bb2_5&Prime; _builder_version=\u00a0\u00bb4.27.4&Prime; _module_preset=\u00a0\u00bbdefault\u00a0\u00bb custom_css_main_element=\u00a0\u00bbdisplay: flex;||flex-direction: column;||justify-content: center;\u00a0\u00bb global_colors_info=\u00a0\u00bb{}\u00a0\u00bb][et_pb_text _builder_version=\u00a0\u00bb4.27.4&Prime; _module_preset=\u00a0\u00bbdefault\u00a0\u00bb text_font=\u00a0\u00bb||on||||||\u00a0\u00bb text_text_color=\u00a0\u00bb#14afe5&Prime; text_font_size=\u00a0\u00bb48px\u00a0\u00bb text_line_height=\u00a0\u00bb1.4em\u00a0\u00bb header_font=\u00a0\u00bb|800|on||||||\u00a0\u00bb header_text_align=\u00a0\u00bbleft\u00a0\u00bb header_text_color=\u00a0\u00bb#FFFFFF\u00a0\u00bb header_font_size=\u00a0\u00bb70px\u00a0\u00bb header_line_height=\u00a0\u00bb1.2em\u00a0\u00bb text_orientation=\u00a0\u00bbcenter\u00a0\u00bb custom_padding=\u00a0\u00bb80px||80px||false|false\u00a0\u00bb custom_padding_tablet=\u00a0\u00bb24px||0px||false|false\u00a0\u00bb custom_padding_phone=\u00a0\u00bb60px||||false|false\u00a0\u00bb custom_padding_last_edited=\u00a0\u00bbon|tablet\u00a0\u00bb hover_enabled=\u00a0\u00bb0&Prime; text_font_size_tablet=\u00a0\u00bb30px\u00a0\u00bb text_font_size_phone=\u00a0\u00bb26px\u00a0\u00bb text_font_size_last_edited=\u00a0\u00bbon|phone\u00a0\u00bb header_text_align_tablet=\u00a0\u00bbcenter\u00a0\u00bb header_text_align_phone=\u00a0\u00bbcenter\u00a0\u00bb header_text_align_last_edited=\u00a0\u00bbon|phone\u00a0\u00bb header_font_size_tablet=\u00a0\u00bb52px\u00a0\u00bb header_font_size_phone=\u00a0\u00bb40px\u00a0\u00bb header_font_size_last_edited=\u00a0\u00bbon|tablet\u00a0\u00bb text_orientation_tablet=\u00a0\u00bbcenter\u00a0\u00bb text_orientation_phone=\u00a0\u00bbcenter\u00a0\u00bb text_orientation_last_edited=\u00a0\u00bbon|desktop\u00a0\u00bb global_colors_info=\u00a0\u00bb{}\u00a0\u00bb sticky_enabled=\u00a0\u00bb0&Prime;]<\/p>\n<h1>Contactez-nous<\/h1>\n<p><span class=\"support\">Nous sommes l\u00e0 pour vous aider.<\/span><\/p>\n<p>[\/et_pb_text][\/et_pb_column][et_pb_column type=\u00a0\u00bb3_5&Prime; _builder_version=\u00a0\u00bb4.27.4&Prime; _module_preset=\u00a0\u00bbdefault\u00a0\u00bb custom_padding=\u00a0\u00bb40px|40px|40px|40px|true|true\u00a0\u00bb custom_padding_tablet=\u00a0\u00bb40px|40px|40px|40px|true|true\u00a0\u00bb custom_padding_phone=\u00a0\u00bb40px|0px|40px|0px|true|true\u00a0\u00bb custom_padding_last_edited=\u00a0\u00bbon|phone\u00a0\u00bb custom_css_main_element=\u00a0\u00bbdisplay: flex;||flex-direction: column;||justify-content: center;\u00a0\u00bb global_colors_info=\u00a0\u00bb{}\u00a0\u00bb][et_pb_image src=\u00a0\u00bbhttps:\/\/rexfab.excite.cloud\/wp-content\/uploads\/2025\/09\/contact-us.png\u00a0\u00bb title_text=\u00a0\u00bbContactez-nous\u00a0\u00bb align_tablet=\u00a0\u00bbcenter\u00a0\u00bb align_phone=\u00a0\u00bbcenter\u00a0\u00bb align_last_edited=\u00a0\u00bbon|phone\u00a0\u00bb _builder_version=\u00a0\u00bb4.27.4&Prime; _module_preset=\u00a0\u00bbdefault\u00a0\u00bb width=\u00a0\u00bb90%\u00a0\u00bb width_tablet=\u00a0\u00bb70%\u00a0\u00bb width_phone=\u00a0\u00bb70%\u00a0\u00bb width_last_edited=\u00a0\u00bbon|desktop\u00a0\u00bb module_alignment=\u00a0\u00bbcenter\u00a0\u00bb custom_padding_tablet=\u00a0\u00bb0px||0px||true|false\u00a0\u00bb custom_padding_phone=\u00a0\u00bb0px||0px||true|false\u00a0\u00bb custom_padding_last_edited=\u00a0\u00bboff|desktop\u00a0\u00bb global_colors_info=\u00a0\u00bb{}\u00a0\u00bb][\/et_pb_image][\/et_pb_column][\/et_pb_row][et_pb_row column_structure=\u00a0\u00bb1_4,3_4&Prime; use_custom_gutter=\u00a0\u00bbon\u00a0\u00bb gutter_width=\u00a0\u00bb1&Prime; make_equal=\u00a0\u00bbon\u00a0\u00bb _builder_version=\u00a0\u00bb4.27.4&Prime; _module_preset=\u00a0\u00bbdefault\u00a0\u00bb width=\u00a0\u00bb96%\u00a0\u00bb max_width=\u00a0\u00bb100%\u00a0\u00bb custom_padding=\u00a0\u00bb0px||0px||false|false\u00a0\u00bb global_colors_info=\u00a0\u00bb{}\u00a0\u00bb][et_pb_column type=\u00a0\u00bb1_4&Prime; _builder_version=\u00a0\u00bb4.27.4&Prime; _module_preset=\u00a0\u00bbdefault\u00a0\u00bb custom_css_main_element=\u00a0\u00bbdisplay: flex;||flex-direction: column;||justify-content: center;\u00a0\u00bb global_colors_info=\u00a0\u00bb{}\u00a0\u00bb][et_pb_text _builder_version=\u00a0\u00bb4.27.4&Prime; _module_preset=\u00a0\u00bbdefault\u00a0\u00bb text_text_color=\u00a0\u00bb#FFFFFF\u00a0\u00bb custom_margin=\u00a0\u00bb||||false|false\u00a0\u00bb custom_padding=\u00a0\u00bb12px||12px||true|false\u00a0\u00bb text_orientation_tablet=\u00a0\u00bbcenter\u00a0\u00bb text_orientation_phone=\u00a0\u00bbcenter\u00a0\u00bb text_orientation_last_edited=\u00a0\u00bbon|phone\u00a0\u00bb module_alignment_tablet=\u00a0\u00bbcenter\u00a0\u00bb module_alignment_phone=\u00a0\u00bbcenter\u00a0\u00bb module_alignment_last_edited=\u00a0\u00bbon|phone\u00a0\u00bb custom_css_free_form=\u00a0\u00bb.scroll-info {||  padding:10px 14px;||  border: 1px solid #fff;||  border-radius:25px;||}\u00a0\u00bb border_radii=\u00a0\u00bbon|50px|50px|50px|50px\u00a0\u00bb global_colors_info=\u00a0\u00bb{}\u00a0\u00bb]<\/p>\n<p><span class=\"scroll-info\">Faites d\u00e9filer pour plus d&rsquo;informations<\/span><\/p>\n<p>[\/et_pb_text][\/et_pb_column][et_pb_column type=\u00a0\u00bb3_4&Prime; _builder_version=\u00a0\u00bb4.27.4&Prime; _module_preset=\u00a0\u00bbdefault\u00a0\u00bb custom_css_main_element=\u00a0\u00bbdisplay: flex;||flex-direction: column;||justify-content: center;\u00a0\u00bb global_colors_info=\u00a0\u00bb{}\u00a0\u00bb][et_pb_divider color=\u00a0\u00bb#FFFFFF\u00a0\u00bb divider_position=\u00a0\u00bbcenter\u00a0\u00bb _builder_version=\u00a0\u00bb4.27.4&Prime; _module_preset=\u00a0\u00bbdefault\u00a0\u00bb global_colors_info=\u00a0\u00bb{}\u00a0\u00bb][\/et_pb_divider][\/et_pb_column][\/et_pb_row][\/et_pb_section][et_pb_section fb_built=\u00a0\u00bb1&Prime; custom_padding_last_edited=\u00a0\u00bbon|phone\u00a0\u00bb module_id=\u00a0\u00bbcontactez-nous\u00a0\u00bb _builder_version=\u00a0\u00bb4.27.4&Prime; _module_preset=\u00a0\u00bbdefault\u00a0\u00bb background_color=\u00a0\u00bb#14afe5&Prime; custom_padding=\u00a0\u00bb80px||80px||true|false\u00a0\u00bb custom_padding_tablet=\u00a0\u00bb0px||||false|false\u00a0\u00bb custom_padding_phone=\u00a0\u00bb0px||80px||false|false\u00a0\u00bb global_colors_info=\u00a0\u00bb{}\u00a0\u00bb][et_pb_row _builder_version=\u00a0\u00bb4.27.4&Prime; _module_preset=\u00a0\u00bbdefault\u00a0\u00bb width=\u00a0\u00bb70%\u00a0\u00bb width_tablet=\u00a0\u00bb70%\u00a0\u00bb width_phone=\u00a0\u00bb90%\u00a0\u00bb width_last_edited=\u00a0\u00bbon|desktop\u00a0\u00bb max_width=\u00a0\u00bb100%\u00a0\u00bb global_colors_info=\u00a0\u00bb{}\u00a0\u00bb][et_pb_column type=\u00a0\u00bb4_4&Prime; _builder_version=\u00a0\u00bb4.27.4&Prime; _module_preset=\u00a0\u00bbdefault\u00a0\u00bb global_colors_info=\u00a0\u00bb{}\u00a0\u00bb][et_pb_text _builder_version=\u00a0\u00bb4.27.4&Prime; _module_preset=\u00a0\u00bbdefault\u00a0\u00bb text_font=\u00a0\u00bb|800|on||||||\u00a0\u00bb text_text_color=\u00a0\u00bb#0067a2&Prime; text_font_size=\u00a0\u00bb58px\u00a0\u00bb text_line_height=\u00a0\u00bb1.2em\u00a0\u00bb custom_margin=\u00a0\u00bb||0px||false|false\u00a0\u00bb custom_margin_tablet=\u00a0\u00bb||0px||false|false\u00a0\u00bb custom_margin_phone=\u00a0\u00bb||10px||false|false\u00a0\u00bb custom_margin_last_edited=\u00a0\u00bbon|phone\u00a0\u00bb custom_padding=\u00a0\u00bb||||false|false\u00a0\u00bb custom_padding_tablet=\u00a0\u00bb||||false|false\u00a0\u00bb custom_padding_phone=\u00a0\u00bb||||false|false\u00a0\u00bb custom_padding_last_edited=\u00a0\u00bbon|desktop\u00a0\u00bb text_font_size_tablet=\u00a0\u00bb40px\u00a0\u00bb text_font_size_phone=\u00a0\u00bb30px\u00a0\u00bb text_font_size_last_edited=\u00a0\u00bbon|phone\u00a0\u00bb global_colors_info=\u00a0\u00bb{}\u00a0\u00bb]<\/p>\n<p><em>Communiquez avec nous.<\/em><\/p>\n<p>[\/et_pb_text][et_pb_text _builder_version=\u00a0\u00bb4.27.4&Prime; _module_preset=\u00a0\u00bbdefault\u00a0\u00bb text_font=\u00a0\u00bb||on||||||\u00a0\u00bb text_text_color=\u00a0\u00bb#FFFFFF\u00a0\u00bb text_font_size=\u00a0\u00bb34px\u00a0\u00bb text_line_height=\u00a0\u00bb1em\u00a0\u00bb text_font_size_tablet=\u00a0\u00bb34px\u00a0\u00bb text_font_size_phone=\u00a0\u00bb22px\u00a0\u00bb text_font_size_last_edited=\u00a0\u00bbon|desktop\u00a0\u00bb global_colors_info=\u00a0\u00bb{}\u00a0\u00bb]<\/p>\n<p>Nous sommes l\u00e0 pour r\u00e9pondre \u00e0 vos questions.<\/p>\n<p>[\/et_pb_text][\/et_pb_column][\/et_pb_row][et_pb_row _builder_version=\u00a0\u00bb4.27.4&Prime; _module_preset=\u00a0\u00bbdefault\u00a0\u00bb width=\u00a0\u00bb70%\u00a0\u00bb width_tablet=\u00a0\u00bb70%\u00a0\u00bb width_phone=\u00a0\u00bb90%\u00a0\u00bb width_last_edited=\u00a0\u00bbon|desktop\u00a0\u00bb max_width=\u00a0\u00bb100%\u00a0\u00bb locked=\u00a0\u00bboff\u00a0\u00bb global_colors_info=\u00a0\u00bb{}\u00a0\u00bb][et_pb_column type=\u00a0\u00bb4_4&Prime; _builder_version=\u00a0\u00bb4.27.4&Prime; _module_preset=\u00a0\u00bbdefault\u00a0\u00bb global_colors_info=\u00a0\u00bb{}\u00a0\u00bb][et_pb_code _builder_version=\u00a0\u00bb4.27.4&Prime; _module_preset=\u00a0\u00bbdefault\u00a0\u00bb text_orientation=\u00a0\u00bbcenter\u00a0\u00bb hover_enabled=\u00a0\u00bb0&Prime; global_colors_info=\u00a0\u00bb{}\u00a0\u00bb sticky_enabled=\u00a0\u00bb0&Prime;]<\/p>\n<div id=\"zf_div_fsfBvASwVlUqa9UwEkUpftRWeQCxlsWDADgpt7vYGXU\"><!-- [et_pb_line_break_holder] --><\/div>\n<p><!-- [et_pb_line_break_holder] --><script type=\"text\/javascript\"><!-- [et_pb_line_break_holder] -->(function() {<!-- [et_pb_line_break_holder] -->\ttry{<!-- [et_pb_line_break_holder] -->\t\tvar f = document.createElement(\"iframe\");<!-- [et_pb_line_break_holder] -->\t\t<!-- [et_pb_line_break_holder] -->\t\t\tvar ifrmSrc = 'https:\/\/forms.zohopublic.com\/rexfab1\/form\/ContactFormHomePageFR\/formperma\/fsfBvASwVlUqa9UwEkUpftRWeQCxlsWDADgpt7vYGXU?zf_rszfm=1';<!-- [et_pb_line_break_holder] -->\t\t<!-- [et_pb_line_break_holder] -->\t\t<!-- [et_pb_line_break_holder] -->        try{<!-- [et_pb_line_break_holder] -->\t\t\tif ( typeof ZFAdvLead != \"undefined\" && typeof zfutm_zfAdvLead != \"undefined\" ) {<!-- [et_pb_line_break_holder] -->\t\t\t\tfor( var prmIdx = 0 ; prmIdx < ZFAdvLead.utmPNameArr.length ; prmIdx ++ ) {<!-- [et_pb_line_break_holder] -->\t\t\t\t    var utmPm = ZFAdvLead.utmPNameArr[ prmIdx ];<!-- [et_pb_line_break_holder] -->\t\t\t\t    utmPm = ( ZFAdvLead.isSameDomian && ( ZFAdvLead.utmcustPNameArr.indexOf(utmPm) == -1 ) ) ? \"zf_\" + utmPm : utmPm;<!-- [et_pb_line_break_holder] -->\t\t\t\t    var utmVal = zfutm_zfAdvLead.zfautm_gC_enc( ZFAdvLead.utmPNameArr[ prmIdx ] );<!-- [et_pb_line_break_holder] -->\t\t\t\t    if ( typeof utmVal !== \"undefined\" ) {<!-- [et_pb_line_break_holder] -->\t\t\t\t      if ( utmVal != \"\" ) {<!-- [et_pb_line_break_holder] -->\t\t\t\t        if(ifrmSrc.indexOf('?') > 0){<!-- [et_pb_line_break_holder] -->\t\t\t\t             ifrmSrc = ifrmSrc+'&'+utmPm+'='+utmVal;<!-- [et_pb_line_break_holder] -->\t\t\t\t        }else{<!-- [et_pb_line_break_holder] -->\t\t\t\t            ifrmSrc = ifrmSrc+'?'+utmPm+'='+utmVal;<!-- [et_pb_line_break_holder] -->\t\t\t\t        }<!-- [et_pb_line_break_holder] -->\t\t\t\t      }<!-- [et_pb_line_break_holder] -->\t\t\t\t    }<!-- [et_pb_line_break_holder] -->\t\t\t\t}<!-- [et_pb_line_break_holder] -->\t\t\t}<!-- [et_pb_line_break_holder] -->\t\t\tif ( typeof ZFLead !== \"undefined\" && typeof zfutm_zfLead !== \"undefined\" ) {<!-- [et_pb_line_break_holder] -->\t\t\t\tfor( var prmIdx = 0 ; prmIdx < ZFLead.utmPNameArr.length ; prmIdx ++ ) {<!-- [et_pb_line_break_holder] -->\t\t        \tvar utmPm = ZFLead.utmPNameArr[ prmIdx ];<!-- [et_pb_line_break_holder] -->\t\t        \tvar utmVal = zfutm_zfLead.zfutm_gC_enc( ZFLead.utmPNameArr[ prmIdx ] );<!-- [et_pb_line_break_holder] -->\t\t\t        if ( typeof utmVal !== \"undefined\" ) {<!-- [et_pb_line_break_holder] -->\t\t\t          if ( utmVal != \"\" ){<!-- [et_pb_line_break_holder] -->\t\t\t            if(ifrmSrc.indexOf('?') > 0){<!-- [et_pb_line_break_holder] -->\t\t\t              ifrmSrc = ifrmSrc+'&'+utmPm+'='+utmVal;\/\/No I18N<!-- [et_pb_line_break_holder] -->\t\t\t            }else{<!-- [et_pb_line_break_holder] -->\t\t\t              ifrmSrc = ifrmSrc+'?'+utmPm+'='+utmVal;\/\/No I18N<!-- [et_pb_line_break_holder] -->\t\t\t            }<!-- [et_pb_line_break_holder] -->\t\t\t          }<!-- [et_pb_line_break_holder] -->\t\t\t        }<!-- [et_pb_line_break_holder] -->\t\t      \t}<!-- [et_pb_line_break_holder] -->\t\t\t}<!-- [et_pb_line_break_holder] -->\t\t}catch(e){}<!-- [et_pb_line_break_holder] -->\t\t<!-- [et_pb_line_break_holder] -->\t\tf.src = ifrmSrc;<!-- [et_pb_line_break_holder] -->\t\tf.style.border=\"none\";<!-- [et_pb_line_break_holder] -->\t\tf.style.height=\"704px\";<!-- [et_pb_line_break_holder] -->\t\tf.style.width=\"90%\";<!-- [et_pb_line_break_holder] -->\t\tf.style.transition=\"all 0.5s ease\";<!-- [et_pb_line_break_holder] -->\t\tf.setAttribute(\"aria-label\", 'Contact Form Home Page FR');<!-- [et_pb_line_break_holder] -->\t\t<!-- [et_pb_line_break_holder] -->\t\tvar d = document.getElementById(\"zf_div_fsfBvASwVlUqa9UwEkUpftRWeQCxlsWDADgpt7vYGXU\");<!-- [et_pb_line_break_holder] -->\t\td.appendChild(f);<!-- [et_pb_line_break_holder] -->\t\twindow.addEventListener('message', function (){<!-- [et_pb_line_break_holder] -->\t\t\tvar evntData = event.data;<!-- [et_pb_line_break_holder] -->\t\t\tif( evntData && evntData.constructor == String ){<!-- [et_pb_line_break_holder] -->\t\t\t\tvar zf_ifrm_data = evntData.split(\"|\");<!-- [et_pb_line_break_holder] -->\t\t\t\tif ( zf_ifrm_data.length == 2 || zf_ifrm_data.length == 3 ) {<!-- [et_pb_line_break_holder] -->\t\t\t\t\tvar zf_perma = zf_ifrm_data[0];<!-- [et_pb_line_break_holder] -->\t\t\t\t\tvar zf_ifrm_ht_nw = ( parseInt(zf_ifrm_data[1], 10) + 15 ) + \"px\";<!-- [et_pb_line_break_holder] -->\t\t\t\t\tvar iframe = document.getElementById(\"zf_div_fsfBvASwVlUqa9UwEkUpftRWeQCxlsWDADgpt7vYGXU\").getElementsByTagName(\"iframe\")[0];<!-- [et_pb_line_break_holder] -->\t\t\t\t\tif ( (iframe.src).indexOf('formperma') > 0 && (iframe.src).indexOf(zf_perma) > 0 ) {<!-- [et_pb_line_break_holder] -->\t\t\t\t\t\tvar prevIframeHeight = iframe.style.height;<!-- [et_pb_line_break_holder] -->\t\t\t\t\t\tvar zf_tout = false;<!-- [et_pb_line_break_holder] -->\t\t\t\t\t\tif( zf_ifrm_data.length == 3 ) {<!-- [et_pb_line_break_holder] -->\t\t\t\t\t\t    iframe.scrollIntoView();<!-- [et_pb_line_break_holder] -->\t\t\t\t\t\t    zf_tout = true;<!-- [et_pb_line_break_holder] -->\t\t\t\t\t\t}<!-- [et_pb_line_break_holder] --><!-- [et_pb_line_break_holder] -->\t\t\t\t\t\tif ( prevIframeHeight != zf_ifrm_ht_nw ) {<!-- [et_pb_line_break_holder] -->\t\t\t\t\t\t\tif( zf_tout ) {<!-- [et_pb_line_break_holder] -->\t\t\t\t\t\t\t    setTimeout(function(){<!-- [et_pb_line_break_holder] -->\t\t\t\t\t\t\t        iframe.style.height = zf_ifrm_ht_nw;<!-- [et_pb_line_break_holder] -->\t\t\t\t\t\t\t    },500);<!-- [et_pb_line_break_holder] -->\t\t\t\t\t\t\t} else {<!-- [et_pb_line_break_holder] -->\t\t\t\t\t\t\t    iframe.style.height = zf_ifrm_ht_nw;<!-- [et_pb_line_break_holder] -->\t\t\t\t\t\t\t}<!-- [et_pb_line_break_holder] -->\t\t\t\t\t\t}<!-- [et_pb_line_break_holder] -->\t\t\t\t\t}<!-- [et_pb_line_break_holder] -->\t\t\t\t}<!-- [et_pb_line_break_holder] -->\t\t\t}<!-- [et_pb_line_break_holder] -->\t\t}, false);<!-- [et_pb_line_break_holder] -->    }catch(e){}<!-- [et_pb_line_break_holder] -->})();<!-- [et_pb_line_break_holder] --><\/script><!-- [et_pb_line_break_holder] -->[\/et_pb_code][\/et_pb_column][\/et_pb_row][et_pb_row column_structure=\u00a0\u00bb1_2,1_2&Prime; _builder_version=\u00a0\u00bb4.27.4&Prime; _module_preset=\u00a0\u00bbdefault\u00a0\u00bb width=\u00a0\u00bb70%\u00a0\u00bb width_tablet=\u00a0\u00bb70%\u00a0\u00bb width_phone=\u00a0\u00bb90%\u00a0\u00bb width_last_edited=\u00a0\u00bbon|phone\u00a0\u00bb max_width=\u00a0\u00bb100%\u00a0\u00bb custom_padding=\u00a0\u00bb80px||||false|false\u00a0\u00bb global_colors_info=\u00a0\u00bb{}\u00a0\u00bb][et_pb_column type=\u00a0\u00bb1_2&Prime; _builder_version=\u00a0\u00bb4.27.4&Prime; _module_preset=\u00a0\u00bbdefault\u00a0\u00bb global_colors_info=\u00a0\u00bb{}\u00a0\u00bb][et_pb_text _builder_version=\u00a0\u00bb4.27.4&Prime; _module_preset=\u00a0\u00bbdefault\u00a0\u00bb text_font_size=\u00a0\u00bb24px\u00a0\u00bb text_line_height=\u00a0\u00bb1.2em\u00a0\u00bb header_6_font_size=\u00a0\u00bb28px\u00a0\u00bb text_orientation=\u00a0\u00bbright\u00a0\u00bb text_font_size_tablet=\u00a0\u00bb22px\u00a0\u00bb text_font_size_phone=\u00a0\u00bb20px\u00a0\u00bb text_font_size_last_edited=\u00a0\u00bbon|phone\u00a0\u00bb header_6_font_size_tablet=\u00a0\u00bb28px\u00a0\u00bb header_6_font_size_phone=\u00a0\u00bb22px\u00a0\u00bb header_6_font_size_last_edited=\u00a0\u00bbon|desktop\u00a0\u00bb text_orientation_tablet=\u00a0\u00bbleft\u00a0\u00bb text_orientation_phone=\u00a0\u00bbleft\u00a0\u00bb text_orientation_last_edited=\u00a0\u00bbon|phone\u00a0\u00bb global_colors_info=\u00a0\u00bb{}\u00a0\u00bb]<\/p>\n<h6>Canada \u2013 Rexfab Inc.<\/h6>\n<p>4845 Robert-Boyd<br \/>Sherbrooke, Qu\u00e9bec J1R 0W8<\/p>\n<p>[\/et_pb_text][et_pb_code _builder_version=\u00a0\u00bb4.27.4&Prime; _module_preset=\u00a0\u00bbdefault\u00a0\u00bb text_orientation=\u00a0\u00bbcenter\u00a0\u00bb border_radii=\u00a0\u00bboff|40px|||40px\u00a0\u00bb border_radii_tablet=\u00a0\u00bboff|0px|||0px\u00a0\u00bb border_radii_phone=\u00a0\u00bboff|0px|||0px\u00a0\u00bb border_radii_last_edited=\u00a0\u00bbon|phone\u00a0\u00bb global_colors_info=\u00a0\u00bb{}\u00a0\u00bb]<iframe src=\"https:\/\/www.google.com\/maps\/embed?pb=!1m18!1m12!1m3!1d2801.535700172413!2d-71.98942612339626!3d45.39853603781706!2m3!1f0!2f0!3f0!3m2!1i1024!2i768!4f13.1!3m3!1m2!1s0x4cb7b4d87a112ceb%3A0x82c5fd4c6bd2cf72!2sRexfab%20inc.!5e0!3m2!1sen!2smx!4v1757052599959!5m2!1sen!2smx\" width=\"100%\" height=\"350\" style=\"border:0;\" allowfullscreen=\"\" loading=\"lazy\" referrerpolicy=\"no-referrer-when-downgrade\"><\/iframe>[\/et_pb_code][\/et_pb_column][et_pb_column type=\u00a0\u00bb1_2&Prime; _builder_version=\u00a0\u00bb4.27.4&Prime; _module_preset=\u00a0\u00bbdefault\u00a0\u00bb global_colors_info=\u00a0\u00bb{}\u00a0\u00bb][et_pb_text _builder_version=\u00a0\u00bb4.27.4&Prime; _module_preset=\u00a0\u00bbdefault\u00a0\u00bb text_font_size=\u00a0\u00bb24px\u00a0\u00bb text_line_height=\u00a0\u00bb1.2em\u00a0\u00bb header_6_font_size=\u00a0\u00bb28px\u00a0\u00bb text_font_size_tablet=\u00a0\u00bb22px\u00a0\u00bb text_font_size_phone=\u00a0\u00bb20px\u00a0\u00bb text_font_size_last_edited=\u00a0\u00bbon|phone\u00a0\u00bb header_6_font_size_tablet=\u00a0\u00bb28px\u00a0\u00bb header_6_font_size_phone=\u00a0\u00bb22px\u00a0\u00bb header_6_font_size_last_edited=\u00a0\u00bbon|desktop\u00a0\u00bb text_orientation_tablet=\u00a0\u00bbleft\u00a0\u00bb text_orientation_phone=\u00a0\u00bbleft\u00a0\u00bb text_orientation_last_edited=\u00a0\u00bbon|phone\u00a0\u00bb global_colors_info=\u00a0\u00bb{}\u00a0\u00bb]<\/p>\n<h6>USA \u2013 Rexfab Corp.<\/h6>\n<p>2791 Circleport Dr<br \/>Erlanger, Kentucky 41018<\/p>\n<p>[\/et_pb_text][et_pb_code _builder_version=\u00a0\u00bb4.27.4&Prime; _module_preset=\u00a0\u00bbdefault\u00a0\u00bb text_orientation=\u00a0\u00bbcenter\u00a0\u00bb border_radii=\u00a0\u00bboff||40px|40px|\u00a0\u00bb border_radii_tablet=\u00a0\u00bboff||0px|0px|\u00a0\u00bb border_radii_phone=\u00a0\u00bboff||0px|0px|\u00a0\u00bb border_radii_last_edited=\u00a0\u00bbon|tablet\u00a0\u00bb global_colors_info=\u00a0\u00bb{}\u00a0\u00bb]<iframe src=\"https:\/\/www.google.com\/maps\/embed?pb=!1m18!1m12!1m3!1d3098.3799274906182!2d-84.63526892364916!3d39.05225513755141!2m3!1f0!2f0!3f0!3m2!1i1024!2i768!4f13.1!3m3!1m2!1s0x8841c9a35d308b91%3A0xf78a841505f70c10!2sRexfab%20Corp!5e0!3m2!1sen!2smx!4v1757052617823!5m2!1sen!2smx\" width=\"100%\" height=\"350\" style=\"border:0;\" allowfullscreen=\"\" loading=\"lazy\" referrerpolicy=\"no-referrer-when-downgrade\"><\/iframe>[\/et_pb_code][\/et_pb_column][\/et_pb_row][\/et_pb_section]<\/p>\n","protected":false},"excerpt":{"rendered":"<p>Contactez-nous Nous sommes l\u00e0 pour vous aider.Faites d\u00e9filer pour plus d&rsquo;informationsCommuniquez avec nous.Nous sommes l\u00e0 pour r\u00e9pondre \u00e0 vos questions.Canada \u2013 Rexfab Inc. 4845 Robert-BoydSherbrooke, Qu\u00e9bec J1R 0W8USA \u2013 Rexfab Corp. 2791 Circleport DrErlanger, Kentucky 41018<\/p>\n","protected":false},"author":1,"featured_media":0,"parent":0,"menu_order":0,"comment_status":"closed","ping_status":"closed","template":"","meta":{"_et_pb_use_builder":"on","_et_pb_old_content":"","_et_gb_content_width":"","footnotes":""},"class_list":["post-1797","page","type-page","status-publish","hentry"],"_links":{"self":[{"href":"https:\/\/rexfab.excite.cloud\/fr-ca\/wp-json\/wp\/v2\/pages\/1797","targetHints":{"allow":["GET"]}}],"collection":[{"href":"https:\/\/rexfab.excite.cloud\/fr-ca\/wp-json\/wp\/v2\/pages"}],"about":[{"href":"https:\/\/rexfab.excite.cloud\/fr-ca\/wp-json\/wp\/v2\/types\/page"}],"author":[{"embeddable":true,"href":"https:\/\/rexfab.excite.cloud\/fr-ca\/wp-json\/wp\/v2\/users\/1"}],"replies":[{"embeddable":true,"href":"https:\/\/rexfab.excite.cloud\/fr-ca\/wp-json\/wp\/v2\/comments?post=1797"}],"version-history":[{"count":11,"href":"https:\/\/rexfab.excite.cloud\/fr-ca\/wp-json\/wp\/v2\/pages\/1797\/revisions"}],"predecessor-version":[{"id":2934,"href":"https:\/\/rexfab.excite.cloud\/fr-ca\/wp-json\/wp\/v2\/pages\/1797\/revisions\/2934"}],"wp:attachment":[{"href":"https:\/\/rexfab.excite.cloud\/fr-ca\/wp-json\/wp\/v2\/media?parent=1797"}],"curies":[{"name":"wp","href":"https:\/\/api.w.org\/{rel}","templated":true}]}}