{"id":2229,"date":"2025-11-10T23:44:57","date_gmt":"2025-11-10T23:44:57","guid":{"rendered":"https:\/\/rexfab.excite.cloud\/blogue\/"},"modified":"2025-12-03T01:58:42","modified_gmt":"2025-12-03T01:58:42","slug":"blogue","status":"publish","type":"page","link":"https:\/\/rexfab.excite.cloud\/fr-ca\/blogue\/","title":{"rendered":"Blogue"},"content":{"rendered":"<p>[et_pb_section fb_built=\u00a0\u00bb1&Prime; custom_padding_last_edited=\u00a0\u00bbon|desktop\u00a0\u00bb _builder_version=\u00a0\u00bb4.27.4&Prime; _module_preset=\u00a0\u00bbdefault\u00a0\u00bb use_background_color_gradient=\u00a0\u00bbon\u00a0\u00bb background_color_gradient_type=\u00a0\u00bbcircular\u00a0\u00bb background_color_gradient_direction_radial=\u00a0\u00bbtop right\u00a0\u00bb background_color_gradient_stops=\u00a0\u00bb#b4b4b4 0%|#ffffff 32%|#ffffff 72%|#b9b9b9 100%\u00a0\u00bb background_image=\u00a0\u00bbhttps:\/\/rexfab.excite.cloud\/wp-content\/uploads\/2025\/09\/waves-v2.png\u00a0\u00bb background_size=\u00a0\u00bbcontain\u00a0\u00bb custom_padding=\u00a0\u00bb||30px||false|false\u00a0\u00bb custom_padding_tablet=\u00a0\u00bb||30px||false|false\u00a0\u00bb custom_padding_phone=\u00a0\u00bb||30px||false|false\u00a0\u00bb custom_css_main_element=\u00a0\u00bb\/**display:flex;||flex-direction: column**\/\u00a0\u00bb locked=\u00a0\u00bboff\u00a0\u00bb global_colors_info=\u00a0\u00bb{}\u00a0\u00bb][et_pb_row use_custom_gutter=\u00a0\u00bbon\u00a0\u00bb gutter_width=\u00a0\u00bb1&Prime; make_equal=\u00a0\u00bbon\u00a0\u00bb custom_padding_last_edited=\u00a0\u00bbon|desktop\u00a0\u00bb _builder_version=\u00a0\u00bb4.27.4&Prime; _module_preset=\u00a0\u00bbdefault\u00a0\u00bb background_enable_image=\u00a0\u00bboff\u00a0\u00bb background_size=\u00a0\u00bbinitial\u00a0\u00bb background_position=\u00a0\u00bbcenter_right\u00a0\u00bb background_horizontal_offset=\u00a0\u00bb28%\u00a0\u00bb max_width=\u00a0\u00bb100%\u00a0\u00bb height=\u00a0\u00bb80vh\u00a0\u00bb height_tablet=\u00a0\u00bb\u00a0\u00bb height_phone=\u00a0\u00bb\u00a0\u00bb height_last_edited=\u00a0\u00bbon|phone\u00a0\u00bb custom_padding=\u00a0\u00bb0px||0px||false|false\u00a0\u00bb custom_padding_tablet=\u00a0\u00bb10%||8%||false|false\u00a0\u00bb custom_padding_phone=\u00a0\u00bb10%||8%||false|false\u00a0\u00bb background_last_edited=\u00a0\u00bbon|desktop\u00a0\u00bb background_enable_image_tablet=\u00a0\u00bboff\u00a0\u00bb global_colors_info=\u00a0\u00bb{}\u00a0\u00bb][et_pb_column type=\u00a0\u00bb4_4&Prime; _builder_version=\u00a0\u00bb4.27.4&Prime; _module_preset=\u00a0\u00bbdefault\u00a0\u00bb custom_css_main_element=\u00a0\u00bbdisplay: flex;||flex-direction: column;||justify-content: center;\u00a0\u00bb global_colors_info=\u00a0\u00bb{}\u00a0\u00bb][et_pb_text _builder_version=\u00a0\u00bb4.27.4&Prime; _module_preset=\u00a0\u00bbdefault\u00a0\u00bb text_font=\u00a0\u00bb||on||||||\u00a0\u00bb text_text_color=\u00a0\u00bb#14afe5&Prime; text_font_size=\u00a0\u00bb32px\u00a0\u00bb text_line_height=\u00a0\u00bb1.2em\u00a0\u00bb header_font=\u00a0\u00bb|800|on||||||\u00a0\u00bb header_text_align=\u00a0\u00bbcenter\u00a0\u00bb header_text_color=\u00a0\u00bb#0067a2&Prime; header_font_size=\u00a0\u00bb66px\u00a0\u00bb text_orientation=\u00a0\u00bbcenter\u00a0\u00bb width=\u00a0\u00bb70%\u00a0\u00bb width_tablet=\u00a0\u00bb70%\u00a0\u00bb width_phone=\u00a0\u00bb70%\u00a0\u00bb width_last_edited=\u00a0\u00bbon|phone\u00a0\u00bb module_alignment=\u00a0\u00bbcenter\u00a0\u00bb custom_padding=\u00a0\u00bb||||false|false\u00a0\u00bb custom_padding_tablet=\u00a0\u00bb80px||||false|false\u00a0\u00bb custom_padding_phone=\u00a0\u00bb80px||||false|false\u00a0\u00bb custom_padding_last_edited=\u00a0\u00bbon|tablet\u00a0\u00bb text_font_size_tablet=\u00a0\u00bb26px\u00a0\u00bb text_font_size_phone=\u00a0\u00bb22px\u00a0\u00bb text_font_size_last_edited=\u00a0\u00bbon|desktop\u00a0\u00bb text_line_height_tablet=\u00a0\u00bb1.2em\u00a0\u00bb text_line_height_phone=\u00a0\u00bb1em\u00a0\u00bb text_line_height_last_edited=\u00a0\u00bbon|phone\u00a0\u00bb header_text_align_tablet=\u00a0\u00bb\u00a0\u00bb header_text_align_phone=\u00a0\u00bbcenter\u00a0\u00bb header_text_align_last_edited=\u00a0\u00bbon|desktop\u00a0\u00bb header_font_size_tablet=\u00a0\u00bb40px\u00a0\u00bb header_font_size_phone=\u00a0\u00bb30px\u00a0\u00bb header_font_size_last_edited=\u00a0\u00bbon|phone\u00a0\u00bb text_orientation_tablet=\u00a0\u00bb\u00a0\u00bb text_orientation_phone=\u00a0\u00bb\u00a0\u00bb text_orientation_last_edited=\u00a0\u00bbon|phone\u00a0\u00bb global_colors_info=\u00a0\u00bb{}\u00a0\u00bb]<\/p>\n<h1>Restez \u00e0 l\u2019aff\u00fbt des plus r\u00e9cents<\/h1>\n<p>aper\u00e7us de l\u2019industrie, des innovations en mati\u00e8re d\u2019\u00e9quipement et des conseils d\u2019experts con\u00e7us pour maintenir votre boulangerie \u00e0 son meilleur niveau de performance.<\/p>\n<p>[\/et_pb_text][\/et_pb_column][\/et_pb_row][et_pb_row column_structure=\u00a0\u00bb1_4,3_4&Prime; use_custom_gutter=\u00a0\u00bbon\u00a0\u00bb gutter_width=\u00a0\u00bb1&Prime; make_equal=\u00a0\u00bbon\u00a0\u00bb _builder_version=\u00a0\u00bb4.27.4&Prime; _module_preset=\u00a0\u00bbdefault\u00a0\u00bb width=\u00a0\u00bb96%\u00a0\u00bb max_width=\u00a0\u00bb100%\u00a0\u00bb custom_padding=\u00a0\u00bb0px||0px||false|false\u00a0\u00bb global_colors_info=\u00a0\u00bb{}\u00a0\u00bb][et_pb_column type=\u00a0\u00bb1_4&Prime; _builder_version=\u00a0\u00bb4.27.4&Prime; _module_preset=\u00a0\u00bbdefault\u00a0\u00bb custom_css_main_element=\u00a0\u00bbdisplay: flex;||flex-direction: column;||justify-content: center;\u00a0\u00bb global_colors_info=\u00a0\u00bb{}\u00a0\u00bb][et_pb_text _builder_version=\u00a0\u00bb4.27.4&Prime; _module_preset=\u00a0\u00bbdefault\u00a0\u00bb text_text_color=\u00a0\u00bb#5a5a5a\u00a0\u00bb custom_margin=\u00a0\u00bb||||false|false\u00a0\u00bb custom_padding=\u00a0\u00bb12px||12px||true|false\u00a0\u00bb text_orientation_tablet=\u00a0\u00bbcenter\u00a0\u00bb text_orientation_phone=\u00a0\u00bbcenter\u00a0\u00bb text_orientation_last_edited=\u00a0\u00bbon|phone\u00a0\u00bb module_alignment_tablet=\u00a0\u00bbcenter\u00a0\u00bb module_alignment_phone=\u00a0\u00bbcenter\u00a0\u00bb module_alignment_last_edited=\u00a0\u00bbon|phone\u00a0\u00bb custom_css_free_form=\u00a0\u00bb.scroll-info {||  padding:10px 14px;||  border: 1px solid #5a5a5a;||  border-radius:25px;||}\u00a0\u00bb border_radii=\u00a0\u00bbon|50px|50px|50px|50px\u00a0\u00bb global_colors_info=\u00a0\u00bb{}\u00a0\u00bb]<\/p>\n<p><span class=\"scroll-info\">Faites d\u00e9filer pour plus d&rsquo;informations<\/span><\/p>\n<p>[\/et_pb_text][\/et_pb_column][et_pb_column type=\u00a0\u00bb3_4&Prime; _builder_version=\u00a0\u00bb4.27.4&Prime; _module_preset=\u00a0\u00bbdefault\u00a0\u00bb custom_css_main_element=\u00a0\u00bbdisplay: flex;||flex-direction: column;||justify-content: center;\u00a0\u00bb global_colors_info=\u00a0\u00bb{}\u00a0\u00bb][et_pb_divider color=\u00a0\u00bb#5a5a5a\u00a0\u00bb divider_position=\u00a0\u00bbcenter\u00a0\u00bb _builder_version=\u00a0\u00bb4.27.4&Prime; _module_preset=\u00a0\u00bbdefault\u00a0\u00bb global_colors_info=\u00a0\u00bb{}\u00a0\u00bb][\/et_pb_divider][\/et_pb_column][\/et_pb_row][\/et_pb_section][et_pb_section fb_built=\u00a0\u00bb1&Prime; custom_padding_last_edited=\u00a0\u00bbon|phone\u00a0\u00bb _builder_version=\u00a0\u00bb4.27.4&Prime; _module_preset=\u00a0\u00bbdefault\u00a0\u00bb custom_padding_tablet=\u00a0\u00bb\u00a0\u00bb custom_padding_phone=\u00a0\u00bb||0px||false|false\u00a0\u00bb global_colors_info=\u00a0\u00bb{}\u00a0\u00bb][et_pb_row _builder_version=\u00a0\u00bb4.27.4&Prime; _module_preset=\u00a0\u00bbdefault\u00a0\u00bb global_colors_info=\u00a0\u00bb{}\u00a0\u00bb][et_pb_column type=\u00a0\u00bb4_4&Prime; _builder_version=\u00a0\u00bb4.27.4&Prime; _module_preset=\u00a0\u00bbdefault\u00a0\u00bb global_colors_info=\u00a0\u00bb{}\u00a0\u00bb][et_pb_blog _builder_version=\u00a0\u00bb4.27.4&Prime; _module_preset=\u00a0\u00bbdefault\u00a0\u00bb global_colors_info=\u00a0\u00bb{}\u00a0\u00bb][\/et_pb_blog][\/et_pb_column][\/et_pb_row][\/et_pb_section][et_pb_section fb_built=\u00a0\u00bb1&Prime; custom_padding_last_edited=\u00a0\u00bbon|phone\u00a0\u00bb module_id=\u00a0\u00bbcontactez-nous\u00a0\u00bb _builder_version=\u00a0\u00bb4.27.4&Prime; _module_preset=\u00a0\u00bbdefault\u00a0\u00bb background_color=\u00a0\u00bb#14afe5&Prime; custom_padding=\u00a0\u00bb80px||80px||true|false\u00a0\u00bb custom_padding_tablet=\u00a0\u00bb0px||||false|false\u00a0\u00bb custom_padding_phone=\u00a0\u00bb0px||80px||false|false\u00a0\u00bb global_colors_info=\u00a0\u00bb{}\u00a0\u00bb][et_pb_row _builder_version=\u00a0\u00bb4.27.4&Prime; _module_preset=\u00a0\u00bbdefault\u00a0\u00bb width=\u00a0\u00bb70%\u00a0\u00bb width_tablet=\u00a0\u00bb70%\u00a0\u00bb width_phone=\u00a0\u00bb90%\u00a0\u00bb width_last_edited=\u00a0\u00bbon|desktop\u00a0\u00bb max_width=\u00a0\u00bb100%\u00a0\u00bb global_colors_info=\u00a0\u00bb{}\u00a0\u00bb][et_pb_column type=\u00a0\u00bb4_4&Prime; _builder_version=\u00a0\u00bb4.27.4&Prime; _module_preset=\u00a0\u00bbdefault\u00a0\u00bb global_colors_info=\u00a0\u00bb{}\u00a0\u00bb][et_pb_text _builder_version=\u00a0\u00bb4.27.4&Prime; _module_preset=\u00a0\u00bbdefault\u00a0\u00bb text_font=\u00a0\u00bb|800|on||||||\u00a0\u00bb text_text_color=\u00a0\u00bb#0067a2&Prime; text_font_size=\u00a0\u00bb58px\u00a0\u00bb text_line_height=\u00a0\u00bb1.2em\u00a0\u00bb custom_margin=\u00a0\u00bb||0px||false|false\u00a0\u00bb custom_margin_tablet=\u00a0\u00bb||0px||false|false\u00a0\u00bb custom_margin_phone=\u00a0\u00bb||10px||false|false\u00a0\u00bb custom_margin_last_edited=\u00a0\u00bbon|phone\u00a0\u00bb custom_padding=\u00a0\u00bb||||false|false\u00a0\u00bb custom_padding_tablet=\u00a0\u00bb||||false|false\u00a0\u00bb custom_padding_phone=\u00a0\u00bb||||false|false\u00a0\u00bb custom_padding_last_edited=\u00a0\u00bbon|desktop\u00a0\u00bb text_font_size_tablet=\u00a0\u00bb40px\u00a0\u00bb text_font_size_phone=\u00a0\u00bb30px\u00a0\u00bb text_font_size_last_edited=\u00a0\u00bbon|phone\u00a0\u00bb global_colors_info=\u00a0\u00bb{}\u00a0\u00bb]<\/p>\n<p><em>Communiquez avec nous.<\/em><\/p>\n<p>[\/et_pb_text][et_pb_text _builder_version=\u00a0\u00bb4.27.4&Prime; _module_preset=\u00a0\u00bbdefault\u00a0\u00bb text_font=\u00a0\u00bb||on||||||\u00a0\u00bb text_text_color=\u00a0\u00bb#FFFFFF\u00a0\u00bb text_font_size=\u00a0\u00bb34px\u00a0\u00bb text_line_height=\u00a0\u00bb1em\u00a0\u00bb text_font_size_tablet=\u00a0\u00bb34px\u00a0\u00bb text_font_size_phone=\u00a0\u00bb22px\u00a0\u00bb text_font_size_last_edited=\u00a0\u00bbon|desktop\u00a0\u00bb global_colors_info=\u00a0\u00bb{}\u00a0\u00bb]<\/p>\n<p>Nous sommes l\u00e0 pour r\u00e9pondre \u00e0 vos questions.<\/p>\n<p>[\/et_pb_text][\/et_pb_column][\/et_pb_row][et_pb_row _builder_version=\u00a0\u00bb4.27.4&Prime; _module_preset=\u00a0\u00bbdefault\u00a0\u00bb width=\u00a0\u00bb70%\u00a0\u00bb width_tablet=\u00a0\u00bb70%\u00a0\u00bb width_phone=\u00a0\u00bb90%\u00a0\u00bb width_last_edited=\u00a0\u00bbon|desktop\u00a0\u00bb max_width=\u00a0\u00bb100%\u00a0\u00bb locked=\u00a0\u00bboff\u00a0\u00bb global_colors_info=\u00a0\u00bb{}\u00a0\u00bb][et_pb_column type=\u00a0\u00bb4_4&Prime; _builder_version=\u00a0\u00bb4.27.4&Prime; _module_preset=\u00a0\u00bbdefault\u00a0\u00bb global_colors_info=\u00a0\u00bb{}\u00a0\u00bb][et_pb_code _builder_version=\u00a0\u00bb4.27.4&Prime; _module_preset=\u00a0\u00bbdefault\u00a0\u00bb text_orientation=\u00a0\u00bbcenter\u00a0\u00bb hover_enabled=\u00a0\u00bb0&Prime; global_colors_info=\u00a0\u00bb{}\u00a0\u00bb sticky_enabled=\u00a0\u00bb0&Prime;]<\/p>\n<div id=\"zf_div_fsfBvASwVlUqa9UwEkUpftRWeQCxlsWDADgpt7vYGXU\"><!-- [et_pb_line_break_holder] --><\/div>\n<p><!-- [et_pb_line_break_holder] --><script type=\"text\/javascript\"><!-- [et_pb_line_break_holder] -->(function() {<!-- [et_pb_line_break_holder] -->\ttry{<!-- [et_pb_line_break_holder] -->\t\tvar f = document.createElement(\"iframe\");<!-- [et_pb_line_break_holder] -->\t\t<!-- [et_pb_line_break_holder] -->\t\t\tvar ifrmSrc = 'https:\/\/forms.zohopublic.com\/rexfab1\/form\/ContactFormHomePageFR\/formperma\/fsfBvASwVlUqa9UwEkUpftRWeQCxlsWDADgpt7vYGXU?zf_rszfm=1';<!-- [et_pb_line_break_holder] -->\t\t<!-- [et_pb_line_break_holder] -->\t\t<!-- [et_pb_line_break_holder] -->        try{<!-- [et_pb_line_break_holder] -->\t\t\tif ( typeof ZFAdvLead != \"undefined\" && typeof zfutm_zfAdvLead != \"undefined\" ) {<!-- [et_pb_line_break_holder] -->\t\t\t\tfor( var prmIdx = 0 ; prmIdx < ZFAdvLead.utmPNameArr.length ; prmIdx ++ ) {<!-- [et_pb_line_break_holder] -->\t\t\t\t    var utmPm = ZFAdvLead.utmPNameArr[ prmIdx ];<!-- [et_pb_line_break_holder] -->\t\t\t\t    utmPm = ( ZFAdvLead.isSameDomian && ( ZFAdvLead.utmcustPNameArr.indexOf(utmPm) == -1 ) ) ? \"zf_\" + utmPm : utmPm;<!-- [et_pb_line_break_holder] -->\t\t\t\t    var utmVal = zfutm_zfAdvLead.zfautm_gC_enc( ZFAdvLead.utmPNameArr[ prmIdx ] );<!-- [et_pb_line_break_holder] -->\t\t\t\t    if ( typeof utmVal !== \"undefined\" ) {<!-- [et_pb_line_break_holder] -->\t\t\t\t      if ( utmVal != \"\" ) {<!-- [et_pb_line_break_holder] -->\t\t\t\t        if(ifrmSrc.indexOf('?') > 0){<!-- [et_pb_line_break_holder] -->\t\t\t\t             ifrmSrc = ifrmSrc+'&'+utmPm+'='+utmVal;<!-- [et_pb_line_break_holder] -->\t\t\t\t        }else{<!-- [et_pb_line_break_holder] -->\t\t\t\t            ifrmSrc = ifrmSrc+'?'+utmPm+'='+utmVal;<!-- [et_pb_line_break_holder] -->\t\t\t\t        }<!-- [et_pb_line_break_holder] -->\t\t\t\t      }<!-- [et_pb_line_break_holder] -->\t\t\t\t    }<!-- [et_pb_line_break_holder] -->\t\t\t\t}<!-- [et_pb_line_break_holder] -->\t\t\t}<!-- [et_pb_line_break_holder] -->\t\t\tif ( typeof ZFLead !== \"undefined\" && typeof zfutm_zfLead !== \"undefined\" ) {<!-- [et_pb_line_break_holder] -->\t\t\t\tfor( var prmIdx = 0 ; prmIdx < ZFLead.utmPNameArr.length ; prmIdx ++ ) {<!-- [et_pb_line_break_holder] -->\t\t        \tvar utmPm = ZFLead.utmPNameArr[ prmIdx ];<!-- [et_pb_line_break_holder] -->\t\t        \tvar utmVal = zfutm_zfLead.zfutm_gC_enc( ZFLead.utmPNameArr[ prmIdx ] );<!-- [et_pb_line_break_holder] -->\t\t\t        if ( typeof utmVal !== \"undefined\" ) {<!-- [et_pb_line_break_holder] -->\t\t\t          if ( utmVal != \"\" ){<!-- [et_pb_line_break_holder] -->\t\t\t            if(ifrmSrc.indexOf('?') > 0){<!-- [et_pb_line_break_holder] -->\t\t\t              ifrmSrc = ifrmSrc+'&'+utmPm+'='+utmVal;\/\/No I18N<!-- [et_pb_line_break_holder] -->\t\t\t            }else{<!-- [et_pb_line_break_holder] -->\t\t\t              ifrmSrc = ifrmSrc+'?'+utmPm+'='+utmVal;\/\/No I18N<!-- [et_pb_line_break_holder] -->\t\t\t            }<!-- [et_pb_line_break_holder] -->\t\t\t          }<!-- [et_pb_line_break_holder] -->\t\t\t        }<!-- [et_pb_line_break_holder] -->\t\t      \t}<!-- [et_pb_line_break_holder] -->\t\t\t}<!-- [et_pb_line_break_holder] -->\t\t}catch(e){}<!-- [et_pb_line_break_holder] -->\t\t<!-- [et_pb_line_break_holder] -->\t\tf.src = ifrmSrc;<!-- [et_pb_line_break_holder] -->\t\tf.style.border=\"none\";<!-- [et_pb_line_break_holder] -->\t\tf.style.height=\"704px\";<!-- [et_pb_line_break_holder] -->\t\tf.style.width=\"90%\";<!-- [et_pb_line_break_holder] -->\t\tf.style.transition=\"all 0.5s ease\";<!-- [et_pb_line_break_holder] -->\t\tf.setAttribute(\"aria-label\", 'Contact Form Home Page FR');<!-- [et_pb_line_break_holder] -->\t\t<!-- [et_pb_line_break_holder] -->\t\tvar d = document.getElementById(\"zf_div_fsfBvASwVlUqa9UwEkUpftRWeQCxlsWDADgpt7vYGXU\");<!-- [et_pb_line_break_holder] -->\t\td.appendChild(f);<!-- [et_pb_line_break_holder] -->\t\twindow.addEventListener('message', function (){<!-- [et_pb_line_break_holder] -->\t\t\tvar evntData = event.data;<!-- [et_pb_line_break_holder] -->\t\t\tif( evntData && evntData.constructor == String ){<!-- [et_pb_line_break_holder] -->\t\t\t\tvar zf_ifrm_data = evntData.split(\"|\");<!-- [et_pb_line_break_holder] -->\t\t\t\tif ( zf_ifrm_data.length == 2 || zf_ifrm_data.length == 3 ) {<!-- [et_pb_line_break_holder] -->\t\t\t\t\tvar zf_perma = zf_ifrm_data[0];<!-- [et_pb_line_break_holder] -->\t\t\t\t\tvar zf_ifrm_ht_nw = ( parseInt(zf_ifrm_data[1], 10) + 15 ) + \"px\";<!-- [et_pb_line_break_holder] -->\t\t\t\t\tvar iframe = document.getElementById(\"zf_div_fsfBvASwVlUqa9UwEkUpftRWeQCxlsWDADgpt7vYGXU\").getElementsByTagName(\"iframe\")[0];<!-- [et_pb_line_break_holder] -->\t\t\t\t\tif ( (iframe.src).indexOf('formperma') > 0 && (iframe.src).indexOf(zf_perma) > 0 ) {<!-- [et_pb_line_break_holder] -->\t\t\t\t\t\tvar prevIframeHeight = iframe.style.height;<!-- [et_pb_line_break_holder] -->\t\t\t\t\t\tvar zf_tout = false;<!-- [et_pb_line_break_holder] -->\t\t\t\t\t\tif( zf_ifrm_data.length == 3 ) {<!-- [et_pb_line_break_holder] -->\t\t\t\t\t\t    iframe.scrollIntoView();<!-- [et_pb_line_break_holder] -->\t\t\t\t\t\t    zf_tout = true;<!-- [et_pb_line_break_holder] -->\t\t\t\t\t\t}<!-- [et_pb_line_break_holder] --><!-- [et_pb_line_break_holder] -->\t\t\t\t\t\tif ( prevIframeHeight != zf_ifrm_ht_nw ) {<!-- [et_pb_line_break_holder] -->\t\t\t\t\t\t\tif( zf_tout ) {<!-- [et_pb_line_break_holder] -->\t\t\t\t\t\t\t    setTimeout(function(){<!-- [et_pb_line_break_holder] -->\t\t\t\t\t\t\t        iframe.style.height = zf_ifrm_ht_nw;<!-- [et_pb_line_break_holder] -->\t\t\t\t\t\t\t    },500);<!-- [et_pb_line_break_holder] -->\t\t\t\t\t\t\t} else {<!-- [et_pb_line_break_holder] -->\t\t\t\t\t\t\t    iframe.style.height = zf_ifrm_ht_nw;<!-- [et_pb_line_break_holder] -->\t\t\t\t\t\t\t}<!-- [et_pb_line_break_holder] -->\t\t\t\t\t\t}<!-- [et_pb_line_break_holder] -->\t\t\t\t\t}<!-- [et_pb_line_break_holder] -->\t\t\t\t}<!-- [et_pb_line_break_holder] -->\t\t\t}<!-- [et_pb_line_break_holder] -->\t\t}, false);<!-- [et_pb_line_break_holder] -->    }catch(e){}<!-- [et_pb_line_break_holder] -->})();<!-- [et_pb_line_break_holder] --><\/script>[\/et_pb_code][\/et_pb_column][\/et_pb_row][\/et_pb_section]<\/p>\n","protected":false},"excerpt":{"rendered":"<p>Restez \u00e0 l\u2019aff\u00fbt des plus r\u00e9cents aper\u00e7us de l\u2019industrie, des innovations en mati\u00e8re d\u2019\u00e9quipement et des conseils d\u2019experts con\u00e7us pour maintenir votre boulangerie \u00e0 son meilleur niveau de performance.Faites d\u00e9filer pour plus d&rsquo;informationsCommuniquez avec nous.Nous sommes l\u00e0 pour r\u00e9pondre \u00e0 vos questions.<\/p>\n","protected":false},"author":1,"featured_media":0,"parent":0,"menu_order":0,"comment_status":"closed","ping_status":"closed","template":"","meta":{"_et_pb_use_builder":"on","_et_pb_old_content":"","_et_gb_content_width":"","footnotes":""},"class_list":["post-2229","page","type-page","status-publish","hentry"],"_links":{"self":[{"href":"https:\/\/rexfab.excite.cloud\/fr-ca\/wp-json\/wp\/v2\/pages\/2229","targetHints":{"allow":["GET"]}}],"collection":[{"href":"https:\/\/rexfab.excite.cloud\/fr-ca\/wp-json\/wp\/v2\/pages"}],"about":[{"href":"https:\/\/rexfab.excite.cloud\/fr-ca\/wp-json\/wp\/v2\/types\/page"}],"author":[{"embeddable":true,"href":"https:\/\/rexfab.excite.cloud\/fr-ca\/wp-json\/wp\/v2\/users\/1"}],"replies":[{"embeddable":true,"href":"https:\/\/rexfab.excite.cloud\/fr-ca\/wp-json\/wp\/v2\/comments?post=2229"}],"version-history":[{"count":6,"href":"https:\/\/rexfab.excite.cloud\/fr-ca\/wp-json\/wp\/v2\/pages\/2229\/revisions"}],"predecessor-version":[{"id":2933,"href":"https:\/\/rexfab.excite.cloud\/fr-ca\/wp-json\/wp\/v2\/pages\/2229\/revisions\/2933"}],"wp:attachment":[{"href":"https:\/\/rexfab.excite.cloud\/fr-ca\/wp-json\/wp\/v2\/media?parent=2229"}],"curies":[{"name":"wp","href":"https:\/\/api.w.org\/{rel}","templated":true}]}}